{"id":11785,"date":"2024-09-17T10:27:11","date_gmt":"2024-09-17T10:27:11","guid":{"rendered":"http:\/\/localhost\/ghora\/?page_id=11785"},"modified":"2026-04-08T11:43:29","modified_gmt":"2026-04-08T09:43:29","slug":"service","status":"publish","type":"page","link":"https:\/\/site.lenotrimmo.fr\/?page_id=11785","title":{"rendered":"Service"},"content":{"rendered":"\t\t<div data-elementor-type=\"wp-page\" data-elementor-id=\"11785\" class=\"elementor elementor-11785\" data-elementor-post-type=\"page\">\n\t\t\t\t<div class=\"elementor-element elementor-element-26e02272 e-flex e-con-boxed e-con e-parent\" data-id=\"26e02272\" data-element_type=\"container\" data-e-type=\"container\" data-settings=\"{&quot;background_background&quot;:&quot;classic&quot;}\">\n\t\t\t\t\t<div class=\"e-con-inner\">\n\t\t<div class=\"elementor-element elementor-element-652ef268 e-con-full e-flex e-con e-child\" data-id=\"652ef268\" data-element_type=\"container\" data-e-type=\"container\">\n\t\t<div class=\"elementor-element elementor-element-cb47d16 e-con-full e-flex e-con e-child\" data-id=\"cb47d16\" data-element_type=\"container\" data-e-type=\"container\">\n\t\t\t\t<div class=\"elementor-element elementor-element-10457f4a elementor-widget elementor-widget-heading\" data-id=\"10457f4a\" data-element_type=\"widget\" data-e-type=\"widget\" data-widget_type=\"heading.default\">\n\t\t\t\t\t<h2 class=\"elementor-heading-title elementor-size-default\">Ce que nous vous proposons<\/h2>\t\t\t\t<\/div>\n\t\t\t\t<\/div>\n\t\t\t\t<\/div>\n\t\t\t\t\t<\/div>\n\t\t\t\t<\/div>\n\t\t<div class=\"elementor-element elementor-element-c3a70f1 e-con-full e-flex e-con e-parent\" data-id=\"c3a70f1\" data-element_type=\"container\" data-e-type=\"container\" data-settings=\"{&quot;background_background&quot;:&quot;classic&quot;}\">\n\t\t\t\t<div class=\"elementor-element elementor-element-b2b1088 elementor-widget elementor-widget-tts\" data-id=\"b2b1088\" data-element_type=\"widget\" data-e-type=\"widget\" data-widget_type=\"tts.default\">\n\t\t\t\t<div class=\"elementor-widget-container\">\n\t\t\t\t\t\t\t\t\t\t<!-- title center -->\n\t\t\t\t\t<div class=\"tts text-center\">\n\t\t\t\t\t\t<div class=\"ttin\">\n\n\t\t\t\t\t\t\t<!-- icon position -->\n\t\t\t\t\t\t\t\t\n\t\t\t\t\t\t\t<!-- end icon position -->\n\t\t\t\t\t\t\t\t\t\t\t\t\t\n\t\t\t\t\t\t\t<!-- title top -->\n\t\t\t\t\t\t\t\t\t\t\t\t\t\t\t<h4 class=\"txbdstitle tsmall stone hlight txbdbcolor\">Nos prestations <\/h4>\t\t\n\t\t\t\t\t\t\t\n\n\t\t\t\t\t\t\t<!-- icon position -->\n\t\t\t\t\t\t\t\t\n\t\t\t\t\t\t\t<!-- end icon position -->\n\t\t\t\t\t\t\t\n\t\t\t\t\t\t\t<!-- title middle -->\n\t\t\t\t\t\t\t\t\t\t\t\t\t\t\t<h2 class=\"txbdstitle sttwo hlight\">Services immobiliers\n<\/h2>\n\t\t\t\t\t\t\t\t\t\t\t\t\t\t<!-- title bottom -->\n\t\t\t\t\t\t\t\t\t\t\t\t\t\t\t<h3 class=\"txbdstitle stthree hlight\">Acheter, vendre, louer ou faire estimer votre bien<\/h3>\n\t\t\t\t\t\t\t\n\t\t\t\t\t\t\t\t\t\t\t\t\t\t\n\t\t\t\t\t\t\t<!-- image -->\n\t\t\t\t\t\t\t\t\t\t\t\t\t\t<!-- icon -->\n\t\t\t\t\t\t\t\t\t\t\t\t\t\t\n\t\t\t\t\t\t\t<!-- bar -->\n\t\t\t\t\t\t\t\t\t\t\t\t\t\t<!-- circle bar -->\n\t\t\t\t\t\t\t\t\t\t\t\t\t\t\n\t\t\t\t\t\t\t\t\n\t\t\t\t\t\t\t\n\t\t\t\t\t\t\t<!-- content -->\n\t\t\t\t\t\t\t\t\t\t\t\t\t\t\n\t\t\t\t\t\t<\/div>\n\t\t\t\t\t\t\t<!-- inner title -->\n\t\t\t\t\t\t\t\t\t\t\t\t\t\n\t\t\t\t\t<\/div>\n\n\t\t\t\t\t\t\t\t<\/div>\n\t\t\t\t<\/div>\n\t\t<div class=\"elementor-element elementor-element-0bfff4f e-flex e-con-boxed e-con e-child\" data-id=\"0bfff4f\" data-element_type=\"container\" data-e-type=\"container\">\n\t\t\t\t\t<div class=\"e-con-inner\">\n\t\t<div class=\"elementor-element elementor-element-2689393 e-con-full e-flex e-con e-child\" data-id=\"2689393\" data-element_type=\"container\" data-e-type=\"container\">\n\t\t\t\t<div class=\"elementor-element elementor-element-03b9f05 elementor-widget elementor-widget-witrfeature\" data-id=\"03b9f05\" data-element_type=\"widget\" data-e-type=\"widget\" data-widget_type=\"witrfeature.default\">\n\t\t\t\t<div class=\"elementor-widget-container\">\n\t\t\t\t\t<div class=\"txbdsva allcostyle boxsh boxpsv text-center  sselect\">\r\n\t\t\t\t<div class=\"txbdsi\">\r\n\r\n\t\t<!-- overlay icon -->\r\n\t\t\t\r\n\t\t<div class=\"txbdicon iconalltf txbdicondf  \">\r\n\t\t\t<i class=\"fas fa-house-damage\"><\/i>\r\n\t\t<\/div>\r\n\t\t\t\t<!-- image icon -->\r\n\t\t\t\t<div class=\"txbdcon\">\r\n\t\t\t<!-- title -->\r\n\t\t\t\t\t\r\n\t\t\t\t<h2 class=\"txbdsvtitle txstcolor hlight\">Acheter un bien<\/h2>\r\n\t\t\t\t\t\t\t<p>Trouvez l\u2019appartement ou la maison qui correspond \u00e0 vos attentes gr\u00e2ce \u00e0 notre s\u00e9lection de biens et notre accompagnement. <\/p>\r\n\t\t\t\t\t\r\n\t\t\t\r\n\t\t\t<!-- button -->\t\r\n\t\t\t\t\t\t\t\t\r\n\t\t\t\r\n\t\t<\/div>\t\t\t\t\r\n\t<\/div>\r\n\t\r\n\t\t\t\t\r\n\r\n<\/div>\r\n\r\n\t\t\t\t<\/div>\n\t\t\t\t<\/div>\n\t\t\t\t<\/div>\n\t\t<div class=\"elementor-element elementor-element-e846e99 e-con-full e-flex e-con e-child\" data-id=\"e846e99\" data-element_type=\"container\" data-e-type=\"container\">\n\t\t\t\t<div class=\"elementor-element elementor-element-8b33a8c elementor-widget elementor-widget-witrfeature\" data-id=\"8b33a8c\" data-element_type=\"widget\" data-e-type=\"widget\" data-widget_type=\"witrfeature.default\">\n\t\t\t\t<div class=\"elementor-widget-container\">\n\t\t\t\t\t<div class=\"txbdsva allcostyle boxsh boxpsv text-center  sselect\">\r\n\t\t\t\t<div class=\"txbdsi\">\r\n\r\n\t\t<!-- overlay icon -->\r\n\t\t\t\r\n\t\t<div class=\"txbdicon iconalltf txbdicondf  \">\r\n\t\t\t<i class=\"icofont icofont-ui-home\"><\/i>\r\n\t\t<\/div>\r\n\t\t\t\t<!-- image icon -->\r\n\t\t\t\t<div class=\"txbdcon\">\r\n\t\t\t<!-- title -->\r\n\t\t\t\t\t\r\n\t\t\t\t<h2 class=\"txbdsvtitle txstcolor hlight\">Louer un bien<\/h2>\r\n\t\t\t\t\t\t\t<p>Nous vous accompagnons dans votre recherche locative et vous guidons dans toutes les d\u00e9marches administratives. <\/p>\r\n\t\t\t\t\t\r\n\t\t\t\r\n\t\t\t<!-- button -->\t\r\n\t\t\t\t\t\t\t\t\r\n\t\t\t\r\n\t\t<\/div>\t\t\t\t\r\n\t<\/div>\r\n\t\r\n\t\t\t\t\r\n\r\n<\/div>\r\n\r\n\t\t\t\t<\/div>\n\t\t\t\t<\/div>\n\t\t\t\t<\/div>\n\t\t<div class=\"elementor-element elementor-element-bf59c3b e-con-full e-flex e-con e-child\" data-id=\"bf59c3b\" data-element_type=\"container\" data-e-type=\"container\">\n\t\t\t\t<div class=\"elementor-element elementor-element-07b7266 elementor-widget elementor-widget-witrfeature\" data-id=\"07b7266\" data-element_type=\"widget\" data-e-type=\"widget\" data-widget_type=\"witrfeature.default\">\n\t\t\t\t<div class=\"elementor-widget-container\">\n\t\t\t\t\t<div class=\"txbdsva allcostyle boxsh boxpsv text-center  sselect\">\r\n\t\t\t\t<div class=\"txbdsi\">\r\n\r\n\t\t<!-- overlay icon -->\r\n\t\t\t\r\n\t\t<div class=\"txbdicon iconalltf txbdicondf  \">\r\n\t\t\t<i class=\"fas fa-laptop-house\"><\/i>\r\n\t\t<\/div>\r\n\t\t\t\t<!-- image icon -->\r\n\t\t\t\t<div class=\"txbdcon\">\r\n\t\t\t<!-- title -->\r\n\t\t\t\t\t\r\n\t\t\t\t<h2 class=\"txbdsvtitle txstcolor hlight\">Vendre un bien<\/h2>\r\n\t\t\t\t\t\t\t<p>Confiez-nous la vente de votre bien. Nous mettons en place une strat\u00e9gie efficace pour vendre dans les meilleures conditions. <\/p>\r\n\t\t\t\t\t\r\n\t\t\t\r\n\t\t\t<!-- button -->\t\r\n\t\t\t\t\t\t\t\t\r\n\t\t\t\r\n\t\t<\/div>\t\t\t\t\r\n\t<\/div>\r\n\t\r\n\t\t\t\t\r\n\r\n<\/div>\r\n\r\n\t\t\t\t<\/div>\n\t\t\t\t<\/div>\n\t\t\t\t<\/div>\n\t\t<div class=\"elementor-element elementor-element-6ac30b9 e-con-full e-flex e-con e-child\" data-id=\"6ac30b9\" data-element_type=\"container\" data-e-type=\"container\">\n\t\t\t\t<div class=\"elementor-element elementor-element-195cf6c elementor-widget elementor-widget-witrfeature\" data-id=\"195cf6c\" data-element_type=\"widget\" data-e-type=\"widget\" data-widget_type=\"witrfeature.default\">\n\t\t\t\t<div class=\"elementor-widget-container\">\n\t\t\t\t\t<div class=\"txbdsva allcostyle boxsh boxpsv text-center  sselect\">\r\n\t\t\t\t<div class=\"txbdsi\">\r\n\r\n\t\t<!-- overlay icon -->\r\n\t\t\t\r\n\t\t<div class=\"txbdicon iconalltf txbdicondf  \">\r\n\t\t\t<i class=\"flaticon flaticon-loupe\"><\/i>\r\n\t\t<\/div>\r\n\t\t\t\t<!-- image icon -->\r\n\t\t\t\t<div class=\"txbdcon\">\r\n\t\t\t<!-- title -->\r\n\t\t\t\t\t\r\n\t\t\t\t<h2 class=\"txbdsvtitle txstcolor hlight\">Estimer votre bien<\/h2>\r\n\t\t\t\t\t\t\t<p>B\u00e9n\u00e9ficiez d\u2019une estimation d\u00e9taill\u00e9e de votre bien afin de vendre dans les meilleures conditions et au juste prix. <\/p>\r\n\t\t\t\t\t\r\n\t\t\t\r\n\t\t\t<!-- button -->\t\r\n\t\t\t\t\t\t\t\t\r\n\t\t\t\r\n\t\t<\/div>\t\t\t\t\r\n\t<\/div>\r\n\t\r\n\t\t\t\t\r\n\r\n<\/div>\r\n\r\n\t\t\t\t<\/div>\n\t\t\t\t<\/div>\n\t\t\t\t<\/div>\n\t\t\t\t\t<\/div>\n\t\t\t\t<\/div>\n\t\t\t\t<\/div>\n\t\t<div class=\"elementor-element elementor-element-ddfaed4 e-flex e-con-boxed e-con e-parent\" data-id=\"ddfaed4\" data-element_type=\"container\" data-e-type=\"container\" data-settings=\"{&quot;background_background&quot;:&quot;classic&quot;}\">\n\t\t\t\t\t<div class=\"e-con-inner\">\n\t\t<div class=\"elementor-element elementor-element-3debbd9f e-con-full e-flex e-con e-child\" data-id=\"3debbd9f\" data-element_type=\"container\" data-e-type=\"container\">\n\t\t<div class=\"elementor-element elementor-element-69cd8a91 e-con-full e-flex e-con e-child\" data-id=\"69cd8a91\" data-element_type=\"container\" data-e-type=\"container\">\n\t\t\t\t<div class=\"elementor-element elementor-element-703232ce detech-star-rating--align-center elementor-widget elementor-widget-witr_section_apartment\" data-id=\"703232ce\" data-element_type=\"widget\" data-e-type=\"widget\" data-widget_type=\"witr_section_apartment.default\">\n\t\t\t\t<div class=\"elementor-widget-container\">\n\t\t\t\t\t\n\t\t\t\t\t<div class=\"apartment_area\">\t\t\t\t\n\t\t\t\t\t\t<div class=\"apartment_text\">\t\t\n\t\t\t\t\t\t\t<!-- title -->\n\t\t\t\t\t\t\t\t\t\t\t\t\t\t\t<h4>Parlons de votre projet immobilier<\/h4>\n\t\t\t\t\t\t\t\t\t\n\t\t\t\t\t\t\t<!-- content -->\n\t\t\t\t\t\t\t\t\t\t\t\t\t\t\t<h2>Besoin d\u2019une estimation, d\u2019un conseil ou d\u2019un accompagnement immobilier ?\nLaissez-nous votre message, nous vous r\u00e9pondrons rapidement. <\/h2>\t\t\n\t\t\t\t\t\t\t\t\t\t\t\t\t\t\n\t\t\t\t\t\t<\/div>\t\t\n\t\t\t\t\t\t<div class=\"witr_apartment_form\">\t\t\t\t\t\n\t\t\t\t\t\t\n<div class=\"wpcf7 no-js\" id=\"wpcf7-f20146-o1\" lang=\"en-US\" dir=\"ltr\" data-wpcf7-id=\"20146\">\n<div class=\"screen-reader-response\"><p role=\"status\" aria-live=\"polite\" aria-atomic=\"true\"><\/p> <ul><\/ul><\/div>\n<form action=\"\/index.php?rest_route=%2Fwp%2Fv2%2Fpages%2F11785#wpcf7-f20146-o1\" method=\"post\" class=\"wpcf7-form init\" aria-label=\"Contact form\" novalidate=\"novalidate\" data-status=\"init\">\n<fieldset class=\"hidden-fields-container\"><input type=\"hidden\" name=\"_wpcf7\" value=\"20146\" \/><input type=\"hidden\" name=\"_wpcf7_version\" value=\"6.1.5\" \/><input type=\"hidden\" name=\"_wpcf7_locale\" value=\"en_US\" \/><input type=\"hidden\" name=\"_wpcf7_unit_tag\" value=\"wpcf7-f20146-o1\" \/><input type=\"hidden\" name=\"_wpcf7_container_post\" value=\"0\" \/><input type=\"hidden\" name=\"_wpcf7_posted_data_hash\" value=\"\" \/>\n<\/fieldset>\n<div class=\"row\">\n\t<div class=\"col-lg-6 col-md-6\">\n\t\t<div class=\"twr_form_box\">\n\t\t\t<p><span class=\"wpcf7-form-control-wrap\" data-name=\"text-30\"><input size=\"40\" maxlength=\"400\" class=\"wpcf7-form-control wpcf7-text wpcf7-validates-as-required form-control\" aria-required=\"true\" aria-invalid=\"false\" placeholder=\"Nom\" value=\"\" type=\"text\" name=\"text-30\" \/><\/span>\n\t\t\t<\/p>\n\t\t<\/div>\n\t<\/div>\n\t<div class=\"col-lg-6 col-md-6\">\n\t\t<div class=\"twr_form_box\">\n\t\t\t<p><span class=\"wpcf7-form-control-wrap\" data-name=\"number-19\"><input class=\"wpcf7-form-control wpcf7-number wpcf7-validates-as-required wpcf7-validates-as-number form-control\" aria-required=\"true\" aria-invalid=\"false\" placeholder=\"T\u00e9l\u00e9phone\" value=\"\" type=\"number\" name=\"number-19\" \/><\/span>\n\t\t\t<\/p>\n\t\t<\/div>\n\t<\/div>\n\t<div class=\"col-lg-6 col-md-6\">\n\t\t<div class=\"twr_form_box\">\n\t\t\t<p><span class=\"wpcf7-form-control-wrap\" data-name=\"type-bien\"><select class=\"wpcf7-form-control wpcf7-select wpcf7-validates-as-required form-control\" aria-required=\"true\" aria-invalid=\"false\" name=\"type-bien\"><option value=\"Type de bien\">Type de bien<\/option><option value=\"Appartement\">Appartement<\/option><option value=\"Maison\">Maison<\/option><option value=\"Villa\">Villa<\/option><option value=\"Terrain\">Terrain<\/option><option value=\"Local commercial\">Local commercial<\/option><\/select><\/span>\n\t\t\t<\/p>\n\t\t<\/div>\n\t<\/div>\n\t<div class=\"col-lg-6 col-md-6\">\n\t\t<div class=\"twr_form_box\">\n\t\t\t<p><span class=\"wpcf7-form-control-wrap\" data-name=\"budget\"><input class=\"wpcf7-form-control wpcf7-number wpcf7-validates-as-number form-control\" aria-invalid=\"false\" placeholder=\"Budget approximatif\" value=\"\" type=\"number\" name=\"budget\" \/><\/span>\n\t\t\t<\/p>\n\t\t<\/div>\n\t<\/div>\n\t<div class=\"col-lg-12 col-md-12\">\n\t\t<div class=\"twr_form_box\">\n\t\t\t<p><span class=\"wpcf7-form-control-wrap\" data-name=\"textarea\"><textarea cols=\"40\" rows=\"6\" maxlength=\"2000\" class=\"wpcf7-form-control wpcf7-textarea wpcf7-validates-as-required form-control\" aria-required=\"true\" aria-invalid=\"false\" placeholder=\"D\u00e9crivez votre besoin (ville, surface, nombre de chambres...)\" name=\"textarea\"><\/textarea><\/span>\n\t\t\t<\/p>\n\t\t<\/div>\n\t\t<div class=\"text-center mt-3\">\n\t\t\t<p><button type=\"submit\" class=\"btn btn-primary\">Envoyer<\/button>\n\t\t\t<\/p>\n\t\t<\/div>\n\t<\/div>\n<\/div><div class=\"wpcf7-response-output\" aria-hidden=\"true\"><\/div>\n<\/form>\n<\/div>\n\t\t\t\t\t\t\t\t\n\t\t\t\t\t\t<\/div>\n\t\t\t\t\t<\/div>\t\t\t\t\t\n\t\t\n\t\t\t\t\t\t<\/div>\n\t\t\t\t<\/div>\n\t\t\t\t<\/div>\n\t\t<div class=\"elementor-element elementor-element-17a9bf51 e-con-full e-flex e-con e-child\" data-id=\"17a9bf51\" data-element_type=\"container\" data-e-type=\"container\">\n\t\t\t\t<div class=\"elementor-element elementor-element-43933dde elementor-widget elementor-widget-tts\" data-id=\"43933dde\" data-element_type=\"widget\" data-e-type=\"widget\" data-widget_type=\"tts.default\">\n\t\t\t\t<div class=\"elementor-widget-container\">\n\t\t\t\t\t\t\t\t\t\t<!-- title left -->\n\t\t\t\t\t<div class=\"tts text-left\">\n\t\t\t\t\t\t<div class=\"ttin\">\n\t\t\t\t\t\t\n\t\t\t\t\t\t\t<!-- icon position -->\n\t\t\t\t\t\t\t\t\n\t\t\t\t\t\t\t<!-- end icon position -->\n\t\t\t\t\t\t\t\n\t\t\t\t\t\t\t<!-- title top -->\n\t\t\t\t\t\t\t\t\t\t\t\t\t\t\t<h4 class=\"txbdstitle tsmall stone hlight txbdbcolor\">\u00c0 propos <\/h4>\t\t\n\t\t\t\t\t\t\t\n\n\t\t\t\t\t\t\t<!-- icon position -->\n\t\t\t\t\t\t\t\t\n\t\t\t\t\t\t\t<!-- end icon position -->\n\n\t\t\t\t\t\t\t<!-- title middle -->\n\t\t\t\t\t\t\t\t\t\t\t\t\t\t\t<h2 class=\"txbdstitle sttwo hlight\">Votre projet immobilier<\/h2>\n\t\t\t\t\t\t\t\t\t\t\t\t\t\t<!-- title bottom -->\n\t\t\t\t\t\t\t\n\t\t\t\t\t\t\t\t\t\t\t\t\t\t\n\t\t\t\t\t\t\t<!-- image -->\n\t\t\t\t\t\t\t\t\t\t\t\t\t\t<!-- icon -->\n\t\t\t\t\t\t\t\t\t\t\t\t\t\t\n\t\t\t\t\t\t\t<!-- bar -->\n\t\t\t\t\t\t\t\t\t\t\t\t\t\t<!-- circle bar -->\n\t\t\t\t\t\t\t\t\t\t\t\t\t\t\n\t\t\t\t\t\t\t\t\n\t\t\t\t\t\t\t\n\t\t\t\t\t\t\t<!-- content -->\n\t\t\t\t\t\t\t\t\t\t\t\t\t\t\t<p>Nous vous accompagnons \u00e0 chaque \u00e9tape : estimation, vente, location et d\u00e9marches sp\u00e9cifiques.\nNotre objectif est simple : vous offrir une \u00e9valuation juste, des conseils clairs et un suivi personnalis\u00e9. <\/p>\t\t\n\t\t\t\t\t\t\t\t\n\t\t\t\t\t\t<\/div>\n\t\t\t\t\t\t\t<!-- inner title -->\n\t\t\t\t\t\t\t\t\t\t\t\t\t\n\t\t\t\t\t<\/div>\t\t\t\t\n\t\t\t\t\t\t\t\t<\/div>\n\t\t\t\t<\/div>\n\t\t<div class=\"elementor-element elementor-element-5b8bfaf5 e-con-full e-flex e-con e-child\" data-id=\"5b8bfaf5\" data-element_type=\"container\" data-e-type=\"container\">\n\t\t<div class=\"elementor-element elementor-element-2340166e e-con-full e-flex e-con e-child\" data-id=\"2340166e\" data-element_type=\"container\" data-e-type=\"container\">\n\t\t\t\t<div class=\"elementor-element elementor-element-9e0c7f2 elementor-widget elementor-widget-witrservice\" data-id=\"9e0c7f2\" data-element_type=\"widget\" data-e-type=\"widget\" data-widget_type=\"witrservice.default\">\n\t\t\t\t<div class=\"elementor-widget-container\">\n\t\t\t\t\t\t\r\n\t\t<div class=\"txbdsva allcostyle  boxsh\">\r\n\t\t\r\n\r\n\t\t\t\r\n\t\t\t<div class=\"txbdimageinner \">\t\t\t\t\t\t\t\r\n\t\t\t\t<img fetchpriority=\"high\" decoding=\"async\" width=\"600\" height=\"445\" src=\"https:\/\/site.lenotrimmo.fr\/wp-content\/uploads\/2025\/01\/project3.png\" class=\"attachment-large size-large wp-image-30115\" alt=\"\" srcset=\"https:\/\/site.lenotrimmo.fr\/wp-content\/uploads\/2025\/01\/project3.png 600w, https:\/\/site.lenotrimmo.fr\/wp-content\/uploads\/2025\/01\/project3-300x223.png 300w\" sizes=\"(max-width: 600px) 100vw, 600px\" \/>\t\t\t\r\n\t\t\t\t<div class=\"txbdcon boxpsv boxtextposi boxposiltrb opacity1 opacityh0  posibg\">\r\n\t\t\t\t<div class=\"boxtextposineer txbdboxwhitetext\">\r\n\t\t\t\t\r\n\t\t\t\t\t<div class=\"txbdsi text-left txbdsvflex txbdsvfdrl\">\r\n\t\t\t\t\t\t<!-- icon -->\r\n\t\t\t\t\t\t\t\t\t\t\t\t<!-- image icon -->\r\n\t\t\t\t\t\t\t\t\t\t\t\t\r\n\t\t\t\t\t\t<div class=\"txbdcon sp-txbdsvfdrl\">\r\n\t\t\t\t\t\t\t<!-- title -->\r\n\t\t\t\t\t\t\t\t\t\r\n\t\t\t\t\t\t\t\t<h2 class=\"txbdsvtitle txstcolor hlight\">Accompagnement personnalis\u00e9<\/h2>\r\n\t\t\t\t\t\t\t\t\t\t\t\t\t\t\t<p>Chaque projet est unique. Nous prenons le temps de comprendre vos besoins pour vous proposer la meilleure solution. <\/p>\r\n\t\t\t\t\t\t\t\t\t\t\t\t\r\n\r\n\t\t\t\t\t\t<\/div>\r\n\t\t\t\t\t\t\r\n\t\t\t\t\t<\/div>\t\t\t\t\r\n\t\t\t\t\r\n\t\t\t\t<\/div>\t\t\t\r\n\t\t\t\t<\/div>\t\r\n\t\t\t\t\r\n\t\t\t\t\r\n\t\t\t\t<div class=\"txbdcon boxtextposi boxposiltrb opacityh1 opacity0\">\r\n\t\t\t\t<div class=\"boxtextposineer\">\r\n\t\t\t\t\t<!-- button -->\t\r\n\t\t\t\t\t\t\t\t\t\t\r\n\t\t\t\t<\/div>\t\t\t\r\n\t\t\t\t<\/div>\t\t\t\t\t\r\n\t\t\t\t\r\n\t\t\t\t\r\n\t\t\t\t<\/div>\t\r\n\t\t\t\t\r\n\r\n\t\t\t\r\n\t\t\t\r\n\t\t\r\n\t\t<\/div>\t\t\t\r\n\t\t\r\n\t\t\t\t\t\t<\/div>\n\t\t\t\t<\/div>\n\t\t\t\t<\/div>\n\t\t<div class=\"elementor-element elementor-element-28eae7a5 e-con-full e-flex e-con e-child\" data-id=\"28eae7a5\" data-element_type=\"container\" data-e-type=\"container\">\n\t\t\t\t<div class=\"elementor-element elementor-element-6b2f81a8 elementor-widget elementor-widget-witrservice\" data-id=\"6b2f81a8\" data-element_type=\"widget\" data-e-type=\"widget\" data-widget_type=\"witrservice.default\">\n\t\t\t\t<div class=\"elementor-widget-container\">\n\t\t\t\t\t\t\r\n\t\t<div class=\"txbdsva allcostyle  boxsh\">\r\n\t\t\r\n\r\n\t\t\t\r\n\t\t\t<div class=\"txbdimageinner \">\t\t\t\t\t\t\t\r\n\t\t\t\t<img decoding=\"async\" width=\"600\" height=\"445\" src=\"https:\/\/site.lenotrimmo.fr\/wp-content\/uploads\/2025\/01\/project4.png\" class=\"attachment-large size-large wp-image-30116\" alt=\"\" srcset=\"https:\/\/site.lenotrimmo.fr\/wp-content\/uploads\/2025\/01\/project4.png 600w, https:\/\/site.lenotrimmo.fr\/wp-content\/uploads\/2025\/01\/project4-300x223.png 300w\" sizes=\"(max-width: 600px) 100vw, 600px\" \/>\t\t\t\r\n\t\t\t\t<div class=\"txbdcon boxpsv boxtextposi boxposiltrb opacity1 opacityh0  posibg\">\r\n\t\t\t\t<div class=\"boxtextposineer txbdboxwhitetext\">\r\n\t\t\t\t\r\n\t\t\t\t\t<div class=\"txbdsi text-left txbdsvflex txbdsvfdrl\">\r\n\t\t\t\t\t\t<!-- icon -->\r\n\t\t\t\t\t\t\t\t\t\t\t\t<!-- image icon -->\r\n\t\t\t\t\t\t\t\t\t\t\t\t\r\n\t\t\t\t\t\t<div class=\"txbdcon sp-txbdsvfdrl\">\r\n\t\t\t\t\t\t\t<!-- title -->\r\n\t\t\t\t\t\t\t\t\t\r\n\t\t\t\t\t\t\t\t<h2 class=\"txbdsvtitle txstcolor hlight\">Transparence & confiance<\/h2>\r\n\t\t\t\t\t\t\t\t\t\t\t\t\t\t\t<p>Des estimations r\u00e9alistes, sans surprise, bas\u00e9es sur le march\u00e9 r\u00e9el et l\u2019expertise terrain. <\/p>\r\n\t\t\t\t\t\t\t\t\t\t\t\t\r\n\r\n\t\t\t\t\t\t<\/div>\r\n\t\t\t\t\t\t\r\n\t\t\t\t\t<\/div>\t\t\t\t\r\n\t\t\t\t\r\n\t\t\t\t<\/div>\t\t\t\r\n\t\t\t\t<\/div>\t\r\n\t\t\t\t\r\n\t\t\t\t\r\n\t\t\t\t<div class=\"txbdcon boxtextposi boxposiltrb opacityh1 opacity0\">\r\n\t\t\t\t<div class=\"boxtextposineer\">\r\n\t\t\t\t\t<!-- button -->\t\r\n\t\t\t\t\t\t\t\t\t\t\r\n\t\t\t\t<\/div>\t\t\t\r\n\t\t\t\t<\/div>\t\t\t\t\t\r\n\t\t\t\t\r\n\t\t\t\t\r\n\t\t\t\t<\/div>\t\r\n\t\t\t\t\r\n\r\n\t\t\t\r\n\t\t\t\r\n\t\t\r\n\t\t<\/div>\t\t\t\r\n\t\t\r\n\t\t\t\t\t\t<\/div>\n\t\t\t\t<\/div>\n\t\t\t\t<\/div>\n\t\t\t\t<\/div>\n\t\t\t\t<\/div>\n\t\t\t\t<\/div>\n\t\t\t\t\t<\/div>\n\t\t\t\t<\/div>\n\t\t\t\t<\/div>\n\t\t","protected":false},"excerpt":{"rendered":"<p>Ce que nous vous proposons Nos prestations Services immobiliers Acheter, vendre, louer ou faire estimer votre bien Acheter un bien Trouvez l\u2019appartement ou la maison qui correspond \u00e0 vos attentes gr\u00e2ce \u00e0 notre s\u00e9lection de biens et notre accompagnement. Louer un bien Nous vous accompagnons dans votre recherche locative et vous guidons dans toutes les [&hellip;]<\/p>\n","protected":false},"author":1,"featured_media":0,"parent":0,"menu_order":0,"comment_status":"closed","ping_status":"closed","template":"elementor_header_footer","meta":{"footnotes":""},"class_list":["post-11785","page","type-page","status-publish","hentry"],"_links":{"self":[{"href":"https:\/\/site.lenotrimmo.fr\/index.php?rest_route=\/wp\/v2\/pages\/11785","targetHints":{"allow":["GET"]}}],"collection":[{"href":"https:\/\/site.lenotrimmo.fr\/index.php?rest_route=\/wp\/v2\/pages"}],"about":[{"href":"https:\/\/site.lenotrimmo.fr\/index.php?rest_route=\/wp\/v2\/types\/page"}],"author":[{"embeddable":true,"href":"https:\/\/site.lenotrimmo.fr\/index.php?rest_route=\/wp\/v2\/users\/1"}],"replies":[{"embeddable":true,"href":"https:\/\/site.lenotrimmo.fr\/index.php?rest_route=%2Fwp%2Fv2%2Fcomments&post=11785"}],"version-history":[{"count":33,"href":"https:\/\/site.lenotrimmo.fr\/index.php?rest_route=\/wp\/v2\/pages\/11785\/revisions"}],"predecessor-version":[{"id":31144,"href":"https:\/\/site.lenotrimmo.fr\/index.php?rest_route=\/wp\/v2\/pages\/11785\/revisions\/31144"}],"wp:attachment":[{"href":"https:\/\/site.lenotrimmo.fr\/index.php?rest_route=%2Fwp%2Fv2%2Fmedia&parent=11785"}],"curies":[{"name":"wp","href":"https:\/\/api.w.org\/{rel}","templated":true}]}}